{"id":100,"date":"2025-06-22T11:48:20","date_gmt":"2025-06-22T11:48:20","guid":{"rendered":"https:\/\/ride-agency.ro\/madidentclinic\/about\/"},"modified":"2025-07-02T09:54:30","modified_gmt":"2025-07-02T09:54:30","slug":"gdpr","status":"publish","type":"page","link":"https:\/\/ride-agency.ro\/madidentclinic\/gdpr\/","title":{"rendered":"Politica de confiden\u021bialitate"},"content":{"rendered":"\t\t<div data-elementor-type=\"wp-page\" data-elementor-id=\"100\" class=\"elementor elementor-100\" data-elementor-post-type=\"page\">\n\t\t\t\t<div class=\"elementor-element elementor-element-6d602a1 e-flex e-con-boxed e-con e-parent\" data-id=\"6d602a1\" data-element_type=\"container\">\n\t\t\t\t\t<div class=\"e-con-inner\">\n\t\t<div class=\"elementor-element elementor-element-5b21e533 e-con-full e-flex e-con e-child\" data-id=\"5b21e533\" data-element_type=\"container\">\n\t\t\t\t<div class=\"elementor-element elementor-element-5bc4b40 elementor-widget elementor-widget-heading\" data-id=\"5bc4b40\" data-element_type=\"widget\" data-widget_type=\"heading.default\">\n\t\t\t\t<div class=\"elementor-widget-container\">\n\t\t\t\t\t<h2 class=\"elementor-heading-title elementor-size-default\">Politica de Confiden\u021bialitate (GDPR) \u2013 Madident Clinic S.R.L.\n<\/h2>\t\t\t\t<\/div>\n\t\t\t\t<\/div>\n\t\t\t\t<div class=\"elementor-element elementor-element-6ef3af7f elementor-widget-mobile__width-inherit elementor-widget elementor-widget-text-editor\" data-id=\"6ef3af7f\" data-element_type=\"widget\" data-widget_type=\"text-editor.default\">\n\t\t\t\t<div class=\"elementor-widget-container\">\n\t\t\t\t\t\t\t\t\t<p>Ultima actualizare: Iulie 2025<\/p><p>La Madident Clinic S.R.L., ne angaj\u0103m s\u0103 protej\u0103m datele dumneavoastr\u0103 cu caracter personal \u0219i s\u0103 respect\u0103m confiden\u021bialitatea acestora.<br \/>Aceast\u0103 politic\u0103 explic\u0103 ce tipuri de date colect\u0103m, cum le utiliz\u0103m, cum le protej\u0103m \u0219i care sunt drepturile dumneavoastr\u0103 \u00een conformitate cu Regulamentul (UE) 2016\/679 (GDPR).<\/p><p><strong>1. Cine suntem<\/strong><br \/>Madident Clinic S.R.L.<br \/>Sediu Alba Iulia: Alba Iulia, Str. Zlatnei nr. 22, Jud. Alba<br \/>Punct de lucru Media\u0219: Media\u0219, Str. Petofi \u0218andor nr. 24, Jud. Sibiu<br \/>Telefon: 0726997961<br \/>Email: madidentclinic@gmail.com<br \/>Website: www.madidentclinic.ro<\/p><p><strong>2. Ce date colect\u0103m<\/strong><br \/>&#8211; Nume \u0219i prenume<br \/>&#8211; Num\u0103r de telefon<br \/>&#8211; Adres\u0103 de email<br \/>&#8211; Informa\u021bii medicale (pentru program\u0103ri)<br \/>&#8211; IP, loca\u021bie aproximativ\u0103, browser (prin cookies)<\/p><p><strong>3. Cum colect\u0103m datele<\/strong><br \/>&#8211; Formulare de contact sau programare online<br \/>&#8211; Cookie-uri<br \/>&#8211; Comunicare direct\u0103 (telefon, email)<\/p><p><strong>4. De ce colect\u0103m datele<\/strong><br \/>&#8211; Program\u0103ri \u0219i consulta\u021bii medicale<br \/>&#8211; Comunicare legat\u0103 de serviciile oferite<br \/>&#8211; \u00cembun\u0103t\u0103\u021birea experien\u021bei pe site<br \/>&#8211; Scopuri statistice (date anonime)<\/p><p><strong>5. Temeiul legal<\/strong><br \/>&#8211; Consim\u021b\u0103m\u00e2ntul dvs.<br \/>&#8211; Executarea unui contract (ex. programare)<br \/>&#8211; Obliga\u021bii legale (ex. facturare)<br \/>&#8211; Interes legitim (ex. \u00eembun\u0103t\u0103\u021birea serviciilor)<\/p><p><strong>6. Durata p\u0103str\u0103rii datelor<\/strong><br \/>Datele sunt p\u0103strate doar c\u00e2t este necesar scopului sau \u00een conformitate cu obliga\u021biile legale.<\/p><p><strong>7. Cu cine partaj\u0103m datele<\/strong><br \/>&#8211; Furnizori IT \/ hosting<br \/>&#8211; Contabilitate \/ servicii externalizate<br \/>&#8211; Autorit\u0103\u021bi publice, dac\u0103 este cazul<\/p><p><strong>8. Drepturile dumneavoastr\u0103<\/strong><br \/>&#8211; Acces la datele personale<br \/>&#8211; Rectificare sau \u0219tergere<br \/>&#8211; Restric\u021bionarea prelucr\u0103rii<br \/>&#8211; Portabilitatea datelor<br \/>&#8211; Opozi\u021bie<br \/>&#8211; Retragerea consim\u021b\u0103m\u00e2ntului<br \/>&#8211; Pl\u00e2ngere la ANSPDCP (www.dataprotection.ro)<\/p><p><strong>9. Contact<\/strong><br \/>Pentru solicit\u0103ri privind datele personale:<\/p><p>Email: madidentclinic@gmail.com<br \/>Telefon: 0726997961<br \/>Administrator: Dr. Adrian Ciocan<\/p>\t\t\t\t\t\t\t\t<\/div>\n\t\t\t\t<\/div>\n\t\t\t\t<\/div>\n\t\t\t\t\t<\/div>\n\t\t\t\t<\/div>\n\t\t\t\t<\/div>\n\t\t","protected":false},"excerpt":{"rendered":"<p>Politica de Confiden\u021bialitate (GDPR) \u2013 Madident Clinic S.R.L. Ultima actualizare: Iulie 2025 La Madident Clinic S.R.L., ne angaj\u0103m s\u0103 protej\u0103m datele dumneavoastr\u0103 cu caracter personal \u0219i s\u0103 respect\u0103m confiden\u021bialitatea acestora.Aceast\u0103 politic\u0103 explic\u0103 ce tipuri de date colect\u0103m, cum le utiliz\u0103m, cum le protej\u0103m \u0219i care sunt drepturile dumneavoastr\u0103 \u00een conformitate cu Regulamentul (UE) 2016\/679 (GDPR). [&hellip;]<\/p>\n","protected":false},"author":1,"featured_media":0,"parent":0,"menu_order":0,"comment_status":"closed","ping_status":"closed","template":"","meta":{"footnotes":""},"folder":[],"class_list":["post-100","page","type-page","status-publish","hentry"],"_links":{"self":[{"href":"https:\/\/ride-agency.ro\/madidentclinic\/wp-json\/wp\/v2\/pages\/100","targetHints":{"allow":["GET"]}}],"collection":[{"href":"https:\/\/ride-agency.ro\/madidentclinic\/wp-json\/wp\/v2\/pages"}],"about":[{"href":"https:\/\/ride-agency.ro\/madidentclinic\/wp-json\/wp\/v2\/types\/page"}],"author":[{"embeddable":true,"href":"https:\/\/ride-agency.ro\/madidentclinic\/wp-json\/wp\/v2\/users\/1"}],"replies":[{"embeddable":true,"href":"https:\/\/ride-agency.ro\/madidentclinic\/wp-json\/wp\/v2\/comments?post=100"}],"version-history":[{"count":11,"href":"https:\/\/ride-agency.ro\/madidentclinic\/wp-json\/wp\/v2\/pages\/100\/revisions"}],"predecessor-version":[{"id":538,"href":"https:\/\/ride-agency.ro\/madidentclinic\/wp-json\/wp\/v2\/pages\/100\/revisions\/538"}],"wp:attachment":[{"href":"https:\/\/ride-agency.ro\/madidentclinic\/wp-json\/wp\/v2\/media?parent=100"}],"wp:term":[{"taxonomy":"folder","embeddable":true,"href":"https:\/\/ride-agency.ro\/madidentclinic\/wp-json\/wp\/v2\/folder?post=100"}],"curies":[{"name":"wp","href":"https:\/\/api.w.org\/{rel}","templated":true}]}}